{"id":19585,"date":"2024-03-23T13:31:22","date_gmt":"2024-03-23T16:31:22","guid":{"rendered":"https:\/\/sertsc.org.br\/site\/?page_id=19585"},"modified":"2026-04-02T13:41:01","modified_gmt":"2026-04-02T16:41:01","slug":"convencoes-coletivas","status":"publish","type":"page","link":"https:\/\/sertsc.org.br\/site\/convencoes-coletivas\/","title":{"rendered":"Conven\u00e7\u00f5es Coletivas"},"content":{"rendered":"\t\t<div data-elementor-type=\"wp-page\" data-elementor-id=\"19585\" class=\"elementor elementor-19585\">\n\t\t\t\t\t\t<section class=\"elementor-section elementor-top-section elementor-element elementor-element-6501442 elementor-section-stretched elementor-section-boxed elementor-section-height-default elementor-section-height-default\" data-id=\"6501442\" data-element_type=\"section\" data-settings=\"{&quot;stretch_section&quot;:&quot;section-stretched&quot;,&quot;background_background&quot;:&quot;classic&quot;}\">\n\t\t\t\t\t\t<div class=\"elementor-container elementor-column-gap-default\">\n\t\t\t\t\t<div class=\"elementor-column elementor-col-100 elementor-top-column elementor-element elementor-element-59e99bd5\" data-id=\"59e99bd5\" data-element_type=\"column\">\n\t\t\t<div class=\"elementor-widget-wrap elementor-element-populated\">\n\t\t\t\t\t\t<div class=\"elementor-element elementor-element-4fcb306c elementor-widget elementor-widget-heading\" data-id=\"4fcb306c\" data-element_type=\"widget\" data-widget_type=\"heading.default\">\n\t\t\t\t<div class=\"elementor-widget-container\">\n\t\t\t\t\t<h2 class=\"elementor-heading-title elementor-size-default\">TRABALHO E UNI\u00c3O PELA RADIODIFUS\u00c3O CATARINENSE<\/h2>\t\t\t\t<\/div>\n\t\t\t\t<\/div>\n\t\t\t\t<div class=\"elementor-element elementor-element-3254faa6 elementor-widget elementor-widget-heading\" data-id=\"3254faa6\" data-element_type=\"widget\" data-widget_type=\"heading.default\">\n\t\t\t\t<div class=\"elementor-widget-container\">\n\t\t\t\t\t<h2 class=\"elementor-heading-title elementor-size-default\">CCT Vigente<\/h2>\t\t\t\t<\/div>\n\t\t\t\t<\/div>\n\t\t\t\t\t<\/div>\n\t\t<\/div>\n\t\t\t\t\t<\/div>\n\t\t<\/section>\n\t\t<div class=\"elementor-element elementor-element-9652b7f e-flex e-con-boxed e-con e-parent\" data-id=\"9652b7f\" data-element_type=\"container\">\n\t\t\t\t\t<div class=\"e-con-inner\">\n\t\t<div class=\"elementor-element elementor-element-889c6b1 e-con-full e-flex e-con e-child\" data-id=\"889c6b1\" data-element_type=\"container\">\n\t\t\t\t<div class=\"elementor-element elementor-element-1d1ed77 elementor-widget elementor-widget-text-editor\" data-id=\"1d1ed77\" data-element_type=\"widget\" data-widget_type=\"text-editor.default\">\n\t\t\t\t<div class=\"elementor-widget-container\">\n\t\t\t\t\t\t\t\t\t<p><a href=\"https:\/\/sertsc.org.br\/site\/wp-content\/uploads\/2026\/04\/Convencao-Coletiva-2026-Norte-Nordeste-de-SC.pdf\" target=\"_blank\" rel=\"noopener\"><strong>Conven\u00e7\u00e3o Coletiva 2026<\/strong><br \/>Norte\/Nordeste de Santa Catarina<\/a><\/p><p><a href=\"https:\/\/sertsc.org.br\/site\/wp-content\/uploads\/2026\/04\/Convencao-Coletiva-2026-1.pdf\" target=\"_blank\" rel=\"noopener\"><strong>Conven\u00e7\u00e3o Coletiva 2026<\/strong><br \/>Santa Catarina<\/a><\/p><p><a href=\"https:\/\/sertsc.org.br\/site\/wp-content\/uploads\/2025\/03\/CCT-Radialistas-SC-2025-2026-Registrada.pdf\" target=\"_blank\" rel=\"noopener\"><strong>Conven\u00e7\u00e3o Coletiva 2025<\/strong><br \/>Santa Catarina<\/a><\/p><p><a href=\"https:\/\/sertsc.org.br\/site\/wp-content\/uploads\/2025\/03\/Mediador-Extrato-Convencao-Coletiva-1.pdf\" target=\"_blank\" rel=\"noopener\"><strong>Conven\u00e7\u00e3o Coletiva 2025<\/strong><br \/>Norte\/Nordeste de Santa\u00a0Catarina<\/a><\/p><p><a href=\"https:\/\/sertsc.org.br\/site\/wp-content\/uploads\/2025\/03\/2024_Norte.pdf\" target=\"_blank\" rel=\"noopener\"><strong>Conven\u00e7\u00e3o Coletiva de Trabalho<\/strong><br \/>2024\/2026 &#8211; Norte<\/a><\/p><p><a href=\"https:\/\/sertsc.org.br\/site\/wp-content\/uploads\/2025\/03\/2024_SC.pdf\" target=\"_blank\" rel=\"noopener\"><strong>Termo Aditivo a Conven\u00e7\u00e3o Coletiva de Trabalho<\/strong><br \/>2024\/2026 &#8211; Santa Catarina<\/a><\/p>\t\t\t\t\t\t\t\t<\/div>\n\t\t\t\t<\/div>\n\t\t\t\t<\/div>\n\t\t<div class=\"elementor-element elementor-element-697a6ee e-con-full e-flex e-con e-child\" data-id=\"697a6ee\" data-element_type=\"container\">\n\t\t\t\t<div class=\"elementor-element elementor-element-a3b5227 elementor-widget elementor-widget-text-editor\" data-id=\"a3b5227\" data-element_type=\"widget\" data-widget_type=\"text-editor.default\">\n\t\t\t\t<div class=\"elementor-widget-container\">\n\t\t\t\t\t\t\t\t\t<p><a href=\"https:\/\/sertsc.org.br\/site\/wp-content\/uploads\/2025\/03\/2023-NORTE.pdf\" target=\"_blank\" rel=\"noopener\"><strong>Conven\u00e7\u00e3o Coletiva de Trabalho<\/strong><br \/>2023\/2024 &#8211; Norte<\/a><\/p><p><a href=\"https:\/\/sertsc.org.br\/site\/wp-content\/uploads\/2025\/03\/2023-SC.pdf\" target=\"_blank\" rel=\"noopener\"><strong>Conven\u00e7\u00e3o Coletiva de Trabalho<\/strong><br \/>2023\/2024 &#8211; Santa Catarina<\/a><\/p><p><a href=\"https:\/\/sertsc.org.br\/site\/wp-content\/uploads\/2025\/03\/2022_Norte.pdf\" target=\"_blank\" rel=\"noopener\"><strong>Conven\u00e7\u00e3o Coletiva de Trabalho<\/strong> <br \/>2022\/2023 &#8211; Norte<\/a><\/p><p><a href=\"https:\/\/sertsc.org.br\/site\/wp-content\/uploads\/2025\/03\/2021_Norte.pdf\" target=\"_blank\" rel=\"noopener\"><strong>Conven\u00e7\u00e3o Coletiva de Trabalho<\/strong> <br \/>2021\/2021 &#8211; Norte<\/a><\/p><p><a href=\"https:\/\/sertsc.org.br\/site\/wp-content\/uploads\/2025\/03\/2021_SC.pdf\" target=\"_blank\" rel=\"noopener\"><strong>Conven\u00e7\u00e3o Coletiva de Trabalho<\/strong> <br \/>2021\/2021 &#8211; Santa Catarina<\/a><\/p><p><a href=\"https:\/\/sertsc.org.br\/site\/wp-content\/uploads\/2025\/03\/2020_SC.pdf\" target=\"_blank\" rel=\"noopener\"><strong>Conven\u00e7\u00e3o Coletiva de Trabalho<\/strong>\u00a0<br \/>2020\/2020 &#8211; Santa Catarina<\/a><\/p>\t\t\t\t\t\t\t\t<\/div>\n\t\t\t\t<\/div>\n\t\t\t\t<\/div>\n\t\t\t\t\t<\/div>\n\t\t\t\t<\/div>\n\t\t\t\t<section class=\"elementor-section elementor-top-section elementor-element elementor-element-7d8a56 elementor-section-content-middle elementor-section-stretched elementor-reverse-mobile elementor-section-boxed elementor-section-height-default elementor-section-height-default\" data-id=\"7d8a56\" data-element_type=\"section\" data-settings=\"{&quot;stretch_section&quot;:&quot;section-stretched&quot;,&quot;background_background&quot;:&quot;classic&quot;}\">\n\t\t\t\t\t\t<div class=\"elementor-container elementor-column-gap-default\">\n\t\t\t\t\t<div class=\"elementor-column elementor-col-100 elementor-top-column elementor-element elementor-element-65224cf4 elementor-invisible\" data-id=\"65224cf4\" data-element_type=\"column\" data-settings=\"{&quot;animation&quot;:&quot;fadeInLeft&quot;}\">\n\t\t\t<div class=\"elementor-widget-wrap elementor-element-populated\">\n\t\t\t\t\t\t<section class=\"elementor-section elementor-inner-section elementor-element elementor-element-491c598e elementor-section-full_width elementor-section-height-default elementor-section-height-default\" data-id=\"491c598e\" data-element_type=\"section\">\n\t\t\t\t\t\t<div class=\"elementor-container elementor-column-gap-default\">\n\t\t\t\t\t<div class=\"elementor-column elementor-col-100 elementor-inner-column elementor-element elementor-element-684fe5f9\" data-id=\"684fe5f9\" data-element_type=\"column\">\n\t\t\t<div class=\"elementor-widget-wrap elementor-element-populated\">\n\t\t\t\t\t\t<div class=\"elementor-element elementor-element-3919ef2c elementor-widget elementor-widget-heading\" data-id=\"3919ef2c\" data-element_type=\"widget\" data-widget_type=\"heading.default\">\n\t\t\t\t<div class=\"elementor-widget-container\">\n\t\t\t\t\t<h2 class=\"elementor-heading-title elementor-size-default\"><strong>Fique atualizado!<\/strong> <\/h2>\t\t\t\t<\/div>\n\t\t\t\t<\/div>\n\t\t\t\t<div class=\"elementor-element elementor-element-44697670 elementor-widget elementor-widget-spacer\" data-id=\"44697670\" data-element_type=\"widget\" data-widget_type=\"spacer.default\">\n\t\t\t\t<div class=\"elementor-widget-container\">\n\t\t\t\t\t\t\t<div class=\"elementor-spacer\">\n\t\t\t<div class=\"elementor-spacer-inner\"><\/div>\n\t\t<\/div>\n\t\t\t\t\t\t<\/div>\n\t\t\t\t<\/div>\n\t\t\t\t<div class=\"elementor-element elementor-element-1133f42f elementor-widget elementor-widget-text-editor\" data-id=\"1133f42f\" data-element_type=\"widget\" data-widget_type=\"text-editor.default\">\n\t\t\t\t<div class=\"elementor-widget-container\">\n\t\t\t\t\t\t\t\t\t<p>Entre em contato conosco caso tenha ficado com alguma d\u00favida.<\/p>\t\t\t\t\t\t\t\t<\/div>\n\t\t\t\t<\/div>\n\t\t\t\t<div class=\"elementor-element elementor-element-2dc67897 elementor-widget elementor-widget-spacer\" data-id=\"2dc67897\" data-element_type=\"widget\" data-widget_type=\"spacer.default\">\n\t\t\t\t<div class=\"elementor-widget-container\">\n\t\t\t\t\t\t\t<div class=\"elementor-spacer\">\n\t\t\t<div class=\"elementor-spacer-inner\"><\/div>\n\t\t<\/div>\n\t\t\t\t\t\t<\/div>\n\t\t\t\t<\/div>\n\t\t\t\t\t<\/div>\n\t\t<\/div>\n\t\t\t\t\t<\/div>\n\t\t<\/section>\n\t\t\t\t\t<\/div>\n\t\t<\/div>\n\t\t\t\t\t<\/div>\n\t\t<\/section>\n\t\t\t\t<\/div>\n\t\t","protected":false},"excerpt":{"rendered":"<p>TRABALHO E UNI\u00c3O PELA RADIODIFUS\u00c3O CATARINENSE CCT Vigente Conven\u00e7\u00e3o Coletiva&hellip;<\/p>\n<p> <a class=\"more-link\" href=\"https:\/\/sertsc.org.br\/site\/convencoes-coletivas\/\">Leia mais<\/a><\/p>\n","protected":false},"author":1,"featured_media":0,"parent":0,"menu_order":0,"comment_status":"closed","ping_status":"closed","template":"","meta":{"footnotes":""},"class_list":["post-19585","page","type-page","status-publish"],"_links":{"self":[{"href":"https:\/\/sertsc.org.br\/site\/wp-json\/wp\/v2\/pages\/19585","targetHints":{"allow":["GET"]}}],"collection":[{"href":"https:\/\/sertsc.org.br\/site\/wp-json\/wp\/v2\/pages"}],"about":[{"href":"https:\/\/sertsc.org.br\/site\/wp-json\/wp\/v2\/types\/page"}],"author":[{"embeddable":true,"href":"https:\/\/sertsc.org.br\/site\/wp-json\/wp\/v2\/users\/1"}],"replies":[{"embeddable":true,"href":"https:\/\/sertsc.org.br\/site\/wp-json\/wp\/v2\/comments?post=19585"}],"version-history":[{"count":95,"href":"https:\/\/sertsc.org.br\/site\/wp-json\/wp\/v2\/pages\/19585\/revisions"}],"predecessor-version":[{"id":20487,"href":"https:\/\/sertsc.org.br\/site\/wp-json\/wp\/v2\/pages\/19585\/revisions\/20487"}],"wp:attachment":[{"href":"https:\/\/sertsc.org.br\/site\/wp-json\/wp\/v2\/media?parent=19585"}],"curies":[{"name":"wp","href":"https:\/\/api.w.org\/{rel}","templated":true}]}}